{"id":852,"date":"2023-06-02T20:31:52","date_gmt":"2023-06-02T20:31:52","guid":{"rendered":"https:\/\/contabilium.com\/blog\/?page_id=852"},"modified":"2023-10-27T15:18:08","modified_gmt":"2023-10-27T18:18:08","slug":"punto-de-venta","status":"publish","type":"page","link":"https:\/\/contabilium.com\/blog\/punto-de-venta\/","title":{"rendered":"Punto de Venta"},"content":{"rendered":"\t\t<div data-elementor-type=\"wp-page\" data-elementor-id=\"852\" class=\"elementor elementor-852\" data-elementor-post-type=\"page\">\n\t\t\t\t\t\t<section class=\"elementor-section elementor-top-section elementor-element elementor-element-314c6b9 elementor-section-boxed elementor-section-height-default elementor-section-height-default\" data-id=\"314c6b9\" data-element_type=\"section\" data-settings=\"{&quot;background_background&quot;:&quot;classic&quot;}\">\n\t\t\t\t\t\t<div class=\"elementor-container elementor-column-gap-default\">\n\t\t\t\t\t<div class=\"elementor-column elementor-col-100 elementor-top-column elementor-element elementor-element-4238c4e\" data-id=\"4238c4e\" data-element_type=\"column\">\n\t\t\t<div class=\"elementor-widget-wrap elementor-element-populated\">\n\t\t\t\t\t\t<div class=\"elementor-element elementor-element-1bf7b40 elementor-widget elementor-widget-spacer\" data-id=\"1bf7b40\" data-element_type=\"widget\" data-widget_type=\"spacer.default\">\n\t\t\t\t<div class=\"elementor-widget-container\">\n\t\t\t\t\t\t\t<div class=\"elementor-spacer\">\n\t\t\t<div class=\"elementor-spacer-inner\"><\/div>\n\t\t<\/div>\n\t\t\t\t\t\t<\/div>\n\t\t\t\t<\/div>\n\t\t\t\t<div class=\"elementor-element elementor-element-c05efb5 elementor-widget elementor-widget-breadcrumbs\" data-id=\"c05efb5\" data-element_type=\"widget\" data-widget_type=\"breadcrumbs.default\">\n\t\t\t\t<div class=\"elementor-widget-container\">\n\t\t\t\t\t<p id=\"breadcrumbs\"><span><span><a href=\"https:\/\/contabilium.com\/blog\/home\/\">Blog<\/a><\/span><\/span><\/p>\t\t\t\t<\/div>\n\t\t\t\t<\/div>\n\t\t\t\t<div class=\"elementor-element elementor-element-ed615a7 elementor-widget elementor-widget-text-editor\" data-id=\"ed615a7\" data-element_type=\"widget\" data-widget_type=\"text-editor.default\">\n\t\t\t\t<div class=\"elementor-widget-container\">\n\t\t\t\t\t\t\t\t\t<p>Punto de venta<\/p>\t\t\t\t\t\t\t\t<\/div>\n\t\t\t\t<\/div>\n\t\t\t\t\t<\/div>\n\t\t<\/div>\n\t\t\t\t\t<\/div>\n\t\t<\/section>\n\t\t\t\t<section class=\"elementor-section elementor-top-section elementor-element elementor-element-fc30f36 elementor-section-boxed elementor-section-height-default elementor-section-height-default\" data-id=\"fc30f36\" data-element_type=\"section\" data-settings=\"{&quot;background_background&quot;:&quot;classic&quot;}\">\n\t\t\t\t\t\t<div class=\"elementor-container elementor-column-gap-default\">\n\t\t\t\t\t<div class=\"elementor-column elementor-col-100 elementor-top-column elementor-element elementor-element-c8fb7f9\" data-id=\"c8fb7f9\" data-element_type=\"column\">\n\t\t\t<div class=\"elementor-widget-wrap elementor-element-populated\">\n\t\t\t\t\t\t<div class=\"elementor-element elementor-element-5fb32fb elementor-grid-3 elementor-grid-tablet-2 elementor-grid-mobile-1 elementor-posts--thumbnail-top elementor-posts--show-avatar elementor-card-shadow-yes elementor-posts__hover-gradient elementor-widget elementor-widget-posts\" data-id=\"5fb32fb\" data-element_type=\"widget\" data-settings=\"{&quot;cards_columns&quot;:&quot;3&quot;,&quot;cards_columns_tablet&quot;:&quot;2&quot;,&quot;cards_columns_mobile&quot;:&quot;1&quot;,&quot;cards_row_gap&quot;:{&quot;unit&quot;:&quot;px&quot;,&quot;size&quot;:35,&quot;sizes&quot;:[]},&quot;cards_row_gap_tablet&quot;:{&quot;unit&quot;:&quot;px&quot;,&quot;size&quot;:&quot;&quot;,&quot;sizes&quot;:[]},&quot;cards_row_gap_mobile&quot;:{&quot;unit&quot;:&quot;px&quot;,&quot;size&quot;:&quot;&quot;,&quot;sizes&quot;:[]}}\" data-widget_type=\"posts.cards\">\n\t\t\t\t<div class=\"elementor-widget-container\">\n\t\t\t\t\t\t\t<div class=\"elementor-posts-container elementor-posts elementor-posts--skin-cards elementor-grid\">\n\t\t\t\t<article class=\"elementor-post elementor-grid-item post-1914 post type-post status-publish format-standard has-post-thumbnail hentry category-erp category-punto-de-venta tag-erp tag-ventas entry\">\n\t\t\t<div class=\"elementor-post__card\">\n\t\t\t\t<a class=\"elementor-post__thumbnail__link\" href=\"https:\/\/contabilium.com\/blog\/puntos-de-venta-pdv-y-erp-como-mejorar-tu-comercio\/\" tabindex=\"-1\" ><div class=\"elementor-post__thumbnail\"><img fetchpriority=\"high\" decoding=\"async\" width=\"300\" height=\"200\" src=\"https:\/\/contabilium.com\/blog\/wp-content\/uploads\/2025\/01\/smiling-family-paying-with-credit-card-300x200.jpg\" class=\"attachment-medium size-medium wp-image-1823\" alt=\"\" srcset=\"https:\/\/contabilium.com\/blog\/wp-content\/uploads\/2025\/01\/smiling-family-paying-with-credit-card-300x200.jpg 300w, https:\/\/contabilium.com\/blog\/wp-content\/uploads\/2025\/01\/smiling-family-paying-with-credit-card-1024x683.jpg 1024w, https:\/\/contabilium.com\/blog\/wp-content\/uploads\/2025\/01\/smiling-family-paying-with-credit-card-768x512.jpg 768w, https:\/\/contabilium.com\/blog\/wp-content\/uploads\/2025\/01\/smiling-family-paying-with-credit-card-1536x1024.jpg 1536w, https:\/\/contabilium.com\/blog\/wp-content\/uploads\/2025\/01\/smiling-family-paying-with-credit-card-1568x1045.jpg 1568w, https:\/\/contabilium.com\/blog\/wp-content\/uploads\/2025\/01\/smiling-family-paying-with-credit-card.jpg 1920w\" sizes=\"(max-width: 300px) 100vw, 300px\" style=\"width:100%;height:66.67%;max-width:1920px;\" \/><\/div><\/a>\n\t\t\t\t<div class=\"elementor-post__badge\">ERP<\/div>\n\t\t\t\t<div class=\"elementor-post__avatar\">\n\t\t\t<img alt='marketing' src='https:\/\/secure.gravatar.com\/avatar\/f2b745236e652f40f52a41a15905e8ea44f0dda3f7c2a7af8ca084d191afb3bc?s=128&#038;d=blank&#038;r=g' srcset='https:\/\/secure.gravatar.com\/avatar\/f2b745236e652f40f52a41a15905e8ea44f0dda3f7c2a7af8ca084d191afb3bc?s=256&#038;d=blank&#038;r=g 2x' class='avatar avatar-128 photo' height='128' width='128' \/>\t\t<\/div>\n\t\t\t\t<div class=\"elementor-post__text\">\n\t\t\t\t<h3 class=\"elementor-post__title\">\n\t\t\t<a href=\"https:\/\/contabilium.com\/blog\/puntos-de-venta-pdv-y-erp-como-mejorar-tu-comercio\/\" >\n\t\t\t\tPuntos de Venta (PDV) y ERP: c\u00f3mo mejorar tu comercio\t\t\t<\/a>\n\t\t<\/h3>\n\t\t\t\t<div class=\"elementor-post__excerpt\">\n\t\t\t<p>Un sistema ERP con punto de venta facilita la gesti\u00f3n de tu comercio al integrar transacciones, inventarios y finanzas en una sola plataforma. Descubre c\u00f3mo<\/p>\n\t\t<\/div>\n\t\t\t\t\t<div class=\"elementor-post__read-more-wrapper\">\n\t\t\n\t\t<a class=\"elementor-post__read-more\" href=\"https:\/\/contabilium.com\/blog\/puntos-de-venta-pdv-y-erp-como-mejorar-tu-comercio\/\" aria-label=\"Read more about Puntos de Venta (PDV) y ERP: c\u00f3mo mejorar tu comercio\" tabindex=\"-1\" >\n\t\t\tLeer m\u00e1s \u00bb\t\t<\/a>\n\n\t\t\t\t\t<\/div>\n\t\t\t\t<\/div>\n\t\t\t\t<div class=\"elementor-post__meta-data\">\n\t\t\t\t\t<span class=\"elementor-post-date\">\n\t\t\tjunio 9, 2025\t\t<\/span>\n\t\t\t\t<\/div>\n\t\t\t\t\t<\/div>\n\t\t<\/article>\n\t\t\t\t<article class=\"elementor-post elementor-grid-item post-1822 post type-post status-publish format-standard has-post-thumbnail hentry category-punto-de-venta tag-erp tag-pos tag-punto-de-venta entry\">\n\t\t\t<div class=\"elementor-post__card\">\n\t\t\t\t<a class=\"elementor-post__thumbnail__link\" href=\"https:\/\/contabilium.com\/blog\/ventajas-de-integrar-un-pos-con-un-erp-2\/\" tabindex=\"-1\" ><div class=\"elementor-post__thumbnail\"><img fetchpriority=\"high\" decoding=\"async\" width=\"300\" height=\"200\" src=\"https:\/\/contabilium.com\/blog\/wp-content\/uploads\/2025\/01\/smiling-family-paying-with-credit-card-300x200.jpg\" class=\"attachment-medium size-medium wp-image-1823\" alt=\"\" srcset=\"https:\/\/contabilium.com\/blog\/wp-content\/uploads\/2025\/01\/smiling-family-paying-with-credit-card-300x200.jpg 300w, https:\/\/contabilium.com\/blog\/wp-content\/uploads\/2025\/01\/smiling-family-paying-with-credit-card-1024x683.jpg 1024w, https:\/\/contabilium.com\/blog\/wp-content\/uploads\/2025\/01\/smiling-family-paying-with-credit-card-768x512.jpg 768w, https:\/\/contabilium.com\/blog\/wp-content\/uploads\/2025\/01\/smiling-family-paying-with-credit-card-1536x1024.jpg 1536w, https:\/\/contabilium.com\/blog\/wp-content\/uploads\/2025\/01\/smiling-family-paying-with-credit-card-1568x1045.jpg 1568w, https:\/\/contabilium.com\/blog\/wp-content\/uploads\/2025\/01\/smiling-family-paying-with-credit-card.jpg 1920w\" sizes=\"(max-width: 300px) 100vw, 300px\" style=\"width:100%;height:66.67%;max-width:1920px;\" \/><\/div><\/a>\n\t\t\t\t<div class=\"elementor-post__badge\">Punto de Venta<\/div>\n\t\t\t\t<div class=\"elementor-post__avatar\">\n\t\t\t<img alt='Contabilium' src='https:\/\/secure.gravatar.com\/avatar\/6c524f07c88a3dbdfffe8818839c30157050f3302ef43254b360da38324570da?s=128&#038;d=blank&#038;r=g' srcset='https:\/\/secure.gravatar.com\/avatar\/6c524f07c88a3dbdfffe8818839c30157050f3302ef43254b360da38324570da?s=256&#038;d=blank&#038;r=g 2x' class='avatar avatar-128 photo' height='128' width='128' \/>\t\t<\/div>\n\t\t\t\t<div class=\"elementor-post__text\">\n\t\t\t\t<h3 class=\"elementor-post__title\">\n\t\t\t<a href=\"https:\/\/contabilium.com\/blog\/ventajas-de-integrar-un-pos-con-un-erp-2\/\" >\n\t\t\t\tVentajas de integrar un POS con un ERP\t\t\t<\/a>\n\t\t<\/h3>\n\t\t\t\t<div class=\"elementor-post__excerpt\">\n\t\t\t<p>\u00bfQu\u00e9 ventajas tiene integrar un POS con un ERP? Integrar un POS con un ERP ofrece ventajas que van mucho m\u00e1s all\u00e1 de simplificar procesos.<\/p>\n\t\t<\/div>\n\t\t\t\t\t<div class=\"elementor-post__read-more-wrapper\">\n\t\t\n\t\t<a class=\"elementor-post__read-more\" href=\"https:\/\/contabilium.com\/blog\/ventajas-de-integrar-un-pos-con-un-erp-2\/\" aria-label=\"Read more about Ventajas de integrar un POS con un ERP\" tabindex=\"-1\" >\n\t\t\tLeer m\u00e1s \u00bb\t\t<\/a>\n\n\t\t\t\t\t<\/div>\n\t\t\t\t<\/div>\n\t\t\t\t<div class=\"elementor-post__meta-data\">\n\t\t\t\t\t<span class=\"elementor-post-date\">\n\t\t\tabril 19, 2025\t\t<\/span>\n\t\t\t\t<\/div>\n\t\t\t\t\t<\/div>\n\t\t<\/article>\n\t\t\t\t<article class=\"elementor-post elementor-grid-item post-12 post type-post status-publish format-standard has-post-thumbnail hentry category-punto-de-venta entry\">\n\t\t\t<div class=\"elementor-post__card\">\n\t\t\t\t<a class=\"elementor-post__thumbnail__link\" href=\"https:\/\/contabilium.com\/blog\/factura-sin-internet\/\" tabindex=\"-1\" ><div class=\"elementor-post__thumbnail\"><img decoding=\"async\" width=\"300\" height=\"151\" src=\"https:\/\/contabilium.com\/blog\/wp-content\/uploads\/2021\/09\/Imagen_2-1-scaled-e1638551527297-300x151.jpg\" class=\"attachment-medium size-medium wp-image-143\" alt=\"facturacion online\" srcset=\"https:\/\/contabilium.com\/blog\/wp-content\/uploads\/2021\/09\/Imagen_2-1-scaled-e1638551527297-300x151.jpg 300w, https:\/\/contabilium.com\/blog\/wp-content\/uploads\/2021\/09\/Imagen_2-1-scaled-e1638551527297-1024x517.jpg 1024w, https:\/\/contabilium.com\/blog\/wp-content\/uploads\/2021\/09\/Imagen_2-1-scaled-e1638551527297-768x388.jpg 768w, https:\/\/contabilium.com\/blog\/wp-content\/uploads\/2021\/09\/Imagen_2-1-scaled-e1638551527297-1536x775.jpg 1536w, https:\/\/contabilium.com\/blog\/wp-content\/uploads\/2021\/09\/Imagen_2-1-scaled-e1638551527297-2048x1034.jpg 2048w, https:\/\/contabilium.com\/blog\/wp-content\/uploads\/2021\/09\/Imagen_2-1-scaled-e1638551527297-1568x791.jpg 1568w, https:\/\/contabilium.com\/blog\/wp-content\/uploads\/2021\/09\/Imagen_2-1-scaled-e1638551527297.jpg 1920w\" sizes=\"(max-width: 300px) 100vw, 300px\" style=\"width:100%;height:50.47%;max-width:1920px;\" \/><\/div><\/a>\n\t\t\t\t<div class=\"elementor-post__badge\">Punto de Venta<\/div>\n\t\t\t\t<div class=\"elementor-post__avatar\">\n\t\t\t<img alt='Contabilium' src='https:\/\/secure.gravatar.com\/avatar\/6c524f07c88a3dbdfffe8818839c30157050f3302ef43254b360da38324570da?s=128&#038;d=blank&#038;r=g' srcset='https:\/\/secure.gravatar.com\/avatar\/6c524f07c88a3dbdfffe8818839c30157050f3302ef43254b360da38324570da?s=256&#038;d=blank&#038;r=g 2x' class='avatar avatar-128 photo' height='128' width='128' \/>\t\t<\/div>\n\t\t\t\t<div class=\"elementor-post__text\">\n\t\t\t\t<h3 class=\"elementor-post__title\">\n\t\t\t<a href=\"https:\/\/contabilium.com\/blog\/factura-sin-internet\/\" >\n\t\t\t\tFactur\u00e1 sin internet y con tu stock actualizado\t\t\t<\/a>\n\t\t<\/h3>\n\t\t\t\t<div class=\"elementor-post__excerpt\">\n\t\t\t<p>Con el Software Punto de Venta de Contabilium pod\u00e9s generar comprobantes de venta sin internet. Se env\u00edan autom\u00e1ticamente cuando haya vuelta la conexi\u00f3n. Se conecta a tu impresora t\u00e9rmica y al QR de MercadoPago para comprar.<\/p>\n\t\t<\/div>\n\t\t\t\t\t<div class=\"elementor-post__read-more-wrapper\">\n\t\t\n\t\t<a class=\"elementor-post__read-more\" href=\"https:\/\/contabilium.com\/blog\/factura-sin-internet\/\" aria-label=\"Read more about Factur\u00e1 sin internet y con tu stock actualizado\" tabindex=\"-1\" >\n\t\t\tLeer m\u00e1s \u00bb\t\t<\/a>\n\n\t\t\t\t\t<\/div>\n\t\t\t\t<\/div>\n\t\t\t\t<div class=\"elementor-post__meta-data\">\n\t\t\t\t\t<span class=\"elementor-post-date\">\n\t\t\tagosto 30, 2021\t\t<\/span>\n\t\t\t\t<\/div>\n\t\t\t\t\t<\/div>\n\t\t<\/article>\n\t\t\t\t<\/div>\n\t\t\n\t\t\t\t\t\t<\/div>\n\t\t\t\t<\/div>\n\t\t\t\t\t<\/div>\n\t\t<\/div>\n\t\t\t\t\t<\/div>\n\t\t<\/section>\n\t\t\t\t<section class=\"elementor-section elementor-top-section elementor-element elementor-element-3e4a684 elementor-section-boxed elementor-section-height-default elementor-section-height-default\" data-id=\"3e4a684\" data-element_type=\"section\" data-settings=\"{&quot;background_background&quot;:&quot;classic&quot;}\">\n\t\t\t\t\t\t<div class=\"elementor-container elementor-column-gap-default\">\n\t\t\t\t\t<div class=\"elementor-column elementor-col-100 elementor-top-column elementor-element elementor-element-f30cd7e\" data-id=\"f30cd7e\" data-element_type=\"column\">\n\t\t\t<div class=\"elementor-widget-wrap elementor-element-populated\">\n\t\t\t\t\t\t<div class=\"elementor-element elementor-element-ba3348d elementor-widget elementor-widget-image\" data-id=\"ba3348d\" data-element_type=\"widget\" data-widget_type=\"image.default\">\n\t\t\t\t<div class=\"elementor-widget-container\">\n\t\t\t\t\t\t\t\t\t\t\t\t\t\t\t\t<a href=\"https:\/\/contabilium.com\/registrate-gratis?utm_source=Blog&#038;utm_medium=organic&#038;utm_campaign=Lead&#038;utm_content=Display-Probagratispor10dias\" target=\"_blank\">\n\t\t\t\t\t\t\t<img decoding=\"async\" width=\"750\" height=\"168\" src=\"https:\/\/contabilium.com\/blog\/wp-content\/uploads\/2023\/06\/Frame-16-5-1024x230.png\" class=\"attachment-large size-large wp-image-799\" alt=\"\" srcset=\"https:\/\/contabilium.com\/blog\/wp-content\/uploads\/2023\/06\/Frame-16-5-1024x230.png 1024w, https:\/\/contabilium.com\/blog\/wp-content\/uploads\/2023\/06\/Frame-16-5-300x67.png 300w, https:\/\/contabilium.com\/blog\/wp-content\/uploads\/2023\/06\/Frame-16-5-768x172.png 768w, https:\/\/contabilium.com\/blog\/wp-content\/uploads\/2023\/06\/Frame-16-5-1536x345.png 1536w, https:\/\/contabilium.com\/blog\/wp-content\/uploads\/2023\/06\/Frame-16-5-1568x352.png 1568w, https:\/\/contabilium.com\/blog\/wp-content\/uploads\/2023\/06\/Frame-16-5.png 1920w\" sizes=\"(max-width: 750px) 100vw, 750px\" style=\"width:100%;height:22.45%;max-width:1920px\" \/>\t\t\t\t\t\t\t\t<\/a>\n\t\t\t\t\t\t\t\t\t\t\t\t\t\t\t<\/div>\n\t\t\t\t<\/div>\n\t\t\t\t\t<\/div>\n\t\t<\/div>\n\t\t\t\t\t<\/div>\n\t\t<\/section>\n\t\t\t\t<\/div>\n\t\t","protected":false},"excerpt":{"rendered":"<p>Punto de venta<\/p>\n","protected":false},"author":1,"featured_media":0,"parent":0,"menu_order":0,"comment_status":"closed","ping_status":"closed","template":"elementor_header_footer","meta":{"footnotes":""},"class_list":["post-852","page","type-page","status-publish","hentry","entry"],"yoast_head":"<!-- This site is optimized with the Yoast SEO plugin v26.6 - https:\/\/yoast.com\/wordpress\/plugins\/seo\/ -->\n<title>Blog | Contabilium, sistema de facturaci\u00f3n electr\u00f3nica y gesti\u00f3n contable<\/title>\n<meta name=\"robots\" content=\"index, follow, max-snippet:-1, max-image-preview:large, max-video-preview:-1\" \/>\n<link rel=\"canonical\" href=\"https:\/\/contabilium.com\/blog\/punto-de-venta\/\" \/>\n<meta property=\"og:locale\" content=\"es_ES\" \/>\n<meta property=\"og:type\" content=\"article\" \/>\n<meta property=\"og:title\" content=\"Blog | Contabilium, sistema de facturaci\u00f3n electr\u00f3nica y gesti\u00f3n contable\" \/>\n<meta property=\"og:description\" content=\"Punto de venta\" \/>\n<meta property=\"og:url\" content=\"https:\/\/contabilium.com\/blog\/punto-de-venta\/\" \/>\n<meta property=\"og:site_name\" content=\"Contabilium\" \/>\n<meta property=\"article:modified_time\" content=\"2023-10-27T18:18:08+00:00\" \/>\n<meta property=\"og:image\" content=\"https:\/\/contabilium.com\/blog\/wp-content\/uploads\/2023\/06\/Frame-16-5-1024x230.png\" \/>\n<meta name=\"twitter:card\" content=\"summary_large_image\" \/>\n<meta name=\"twitter:label1\" content=\"Tiempo de lectura\" \/>\n\t<meta name=\"twitter:data1\" content=\"1 minuto\" \/>\n<!-- \/ Yoast SEO plugin. -->","yoast_head_json":{"title":"Blog | Contabilium, sistema de facturaci\u00f3n electr\u00f3nica y gesti\u00f3n contable","robots":{"index":"index","follow":"follow","max-snippet":"max-snippet:-1","max-image-preview":"max-image-preview:large","max-video-preview":"max-video-preview:-1"},"canonical":"https:\/\/contabilium.com\/blog\/punto-de-venta\/","og_locale":"es_ES","og_type":"article","og_title":"Blog | Contabilium, sistema de facturaci\u00f3n electr\u00f3nica y gesti\u00f3n contable","og_description":"Punto de venta","og_url":"https:\/\/contabilium.com\/blog\/punto-de-venta\/","og_site_name":"Contabilium","article_modified_time":"2023-10-27T18:18:08+00:00","og_image":[{"url":"https:\/\/contabilium.com\/blog\/wp-content\/uploads\/2023\/06\/Frame-16-5-1024x230.png","type":"","width":"","height":""}],"twitter_card":"summary_large_image","twitter_misc":{"Tiempo de lectura":"1 minuto"},"schema":{"@context":"https:\/\/schema.org","@graph":[{"@type":"Article","@id":"https:\/\/contabilium.com\/blog\/punto-de-venta\/#article","isPartOf":{"@id":"https:\/\/contabilium.com\/blog\/punto-de-venta\/"},"author":{"name":"Contabilium","@id":"https:\/\/contabilium.com\/blog\/#\/schema\/person\/940e551660a4430157b49ac8661afee7"},"headline":"Punto de Venta","datePublished":"2023-06-02T20:31:52+00:00","dateModified":"2023-10-27T18:18:08+00:00","mainEntityOfPage":{"@id":"https:\/\/contabilium.com\/blog\/punto-de-venta\/"},"wordCount":6,"publisher":{"@id":"https:\/\/contabilium.com\/blog\/#organization"},"image":{"@id":"https:\/\/contabilium.com\/blog\/punto-de-venta\/#primaryimage"},"thumbnailUrl":"https:\/\/contabilium.com\/blog\/wp-content\/uploads\/2023\/06\/Frame-16-5-1024x230.png","inLanguage":"es"},{"@type":"WebPage","@id":"https:\/\/contabilium.com\/blog\/punto-de-venta\/","url":"https:\/\/contabilium.com\/blog\/punto-de-venta\/","name":"Blog | Contabilium, sistema de facturaci\u00f3n electr\u00f3nica y gesti\u00f3n contable","isPartOf":{"@id":"https:\/\/contabilium.com\/blog\/#website"},"primaryImageOfPage":{"@id":"https:\/\/contabilium.com\/blog\/punto-de-venta\/#primaryimage"},"image":{"@id":"https:\/\/contabilium.com\/blog\/punto-de-venta\/#primaryimage"},"thumbnailUrl":"https:\/\/contabilium.com\/blog\/wp-content\/uploads\/2023\/06\/Frame-16-5-1024x230.png","datePublished":"2023-06-02T20:31:52+00:00","dateModified":"2023-10-27T18:18:08+00:00","breadcrumb":{"@id":"https:\/\/contabilium.com\/blog\/punto-de-venta\/#breadcrumb"},"inLanguage":"es","potentialAction":[{"@type":"ReadAction","target":["https:\/\/contabilium.com\/blog\/punto-de-venta\/"]}]},{"@type":"ImageObject","inLanguage":"es","@id":"https:\/\/contabilium.com\/blog\/punto-de-venta\/#primaryimage","url":"https:\/\/contabilium.com\/blog\/wp-content\/uploads\/2023\/06\/Frame-16-5.png","contentUrl":"https:\/\/contabilium.com\/blog\/wp-content\/uploads\/2023\/06\/Frame-16-5.png","width":1920,"height":431},{"@type":"BreadcrumbList","@id":"https:\/\/contabilium.com\/blog\/punto-de-venta\/#breadcrumb","itemListElement":[{"@type":"ListItem","position":1,"name":"Blog","item":"https:\/\/contabilium.com\/blog\/home\/"},{"@type":"ListItem","position":2,"name":"Punto de Venta"}]},{"@type":"WebSite","@id":"https:\/\/contabilium.com\/blog\/#website","url":"https:\/\/contabilium.com\/blog\/","name":"Contabilium","description":"","publisher":{"@id":"https:\/\/contabilium.com\/blog\/#organization"},"potentialAction":[{"@type":"SearchAction","target":{"@type":"EntryPoint","urlTemplate":"https:\/\/contabilium.com\/blog\/?s={search_term_string}"},"query-input":{"@type":"PropertyValueSpecification","valueRequired":true,"valueName":"search_term_string"}}],"inLanguage":"es"},{"@type":"Organization","@id":"https:\/\/contabilium.com\/blog\/#organization","name":"Contabilium","url":"https:\/\/contabilium.com\/blog\/","logo":{"@type":"ImageObject","inLanguage":"es","@id":"https:\/\/contabilium.com\/blog\/#\/schema\/logo\/image\/","url":"https:\/\/contabilium.com\/blog\/wp-content\/uploads\/2022\/04\/logo_header.png","contentUrl":"https:\/\/contabilium.com\/blog\/wp-content\/uploads\/2022\/04\/logo_header.png","width":1080,"height":200,"caption":"Contabilium"},"image":{"@id":"https:\/\/contabilium.com\/blog\/#\/schema\/logo\/image\/"}},{"@type":"Person","@id":"https:\/\/contabilium.com\/blog\/#\/schema\/person\/940e551660a4430157b49ac8661afee7","name":"Contabilium","image":{"@type":"ImageObject","inLanguage":"es","@id":"https:\/\/contabilium.com\/blog\/#\/schema\/person\/image\/","url":"https:\/\/secure.gravatar.com\/avatar\/6c524f07c88a3dbdfffe8818839c30157050f3302ef43254b360da38324570da?s=96&d=blank&r=g","contentUrl":"https:\/\/secure.gravatar.com\/avatar\/6c524f07c88a3dbdfffe8818839c30157050f3302ef43254b360da38324570da?s=96&d=blank&r=g","caption":"Contabilium"},"sameAs":["https:\/\/contabilium.com\/blog"]}]}},"_links":{"self":[{"href":"https:\/\/contabilium.com\/blog\/wp-json\/wp\/v2\/pages\/852","targetHints":{"allow":["GET"]}}],"collection":[{"href":"https:\/\/contabilium.com\/blog\/wp-json\/wp\/v2\/pages"}],"about":[{"href":"https:\/\/contabilium.com\/blog\/wp-json\/wp\/v2\/types\/page"}],"author":[{"embeddable":true,"href":"https:\/\/contabilium.com\/blog\/wp-json\/wp\/v2\/users\/1"}],"replies":[{"embeddable":true,"href":"https:\/\/contabilium.com\/blog\/wp-json\/wp\/v2\/comments?post=852"}],"version-history":[{"count":0,"href":"https:\/\/contabilium.com\/blog\/wp-json\/wp\/v2\/pages\/852\/revisions"}],"wp:attachment":[{"href":"https:\/\/contabilium.com\/blog\/wp-json\/wp\/v2\/media?parent=852"}],"curies":[{"name":"wp","href":"https:\/\/api.w.org\/{rel}","templated":true}]}}